{"id":989390,"date":"2025-07-24T18:27:23","date_gmt":"2025-07-24T16:27:23","guid":{"rendered":"https:\/\/wizet.pl\/career\/international-driver-silos\/"},"modified":"2026-01-27T21:10:15","modified_gmt":"2026-01-27T20:10:15","slug":"internationaler-fahrer-silos","status":"publish","type":"page","link":"https:\/\/wizet.pl\/de\/career\/internationaler-fahrer-silos\/","title":{"rendered":"Internationaler Fahrer \u2013 Silos"},"content":{"rendered":"\t\t<div data-elementor-type=\"wp-page\" data-elementor-id=\"989390\" class=\"elementor elementor-989390 elementor-987761\" data-elementor-post-type=\"page\">\n\t\t\t\t\t\t<section class=\"elementor-section elementor-top-section elementor-element elementor-element-bbbc3ae elementor-section-full_width elementor-section-height-default elementor-section-height-default\" data-id=\"bbbc3ae\" data-element_type=\"section\">\n\t\t\t\t\t\t<div class=\"elementor-container elementor-column-gap-no\">\n\t\t\t\t\t<div class=\"elementor-column elementor-col-50 elementor-top-column elementor-element elementor-element-2553785 elementor-hidden-phone\" data-id=\"2553785\" data-element_type=\"column\">\n\t\t\t<div class=\"elementor-widget-wrap\">\n\t\t\t\t\t\t\t<\/div>\n\t\t<\/div>\n\t\t\t\t<div class=\"elementor-column elementor-col-50 elementor-top-column elementor-element elementor-element-72e1f7d\" data-id=\"72e1f7d\" data-element_type=\"column\" data-settings=\"{&quot;background_background&quot;:&quot;classic&quot;}\">\n\t\t\t<div class=\"elementor-widget-wrap elementor-element-populated\">\n\t\t\t\t\t\t<div class=\"elementor-element elementor-element-fe6c2b5 elementor-widget elementor-widget-spacer\" data-id=\"fe6c2b5\" data-element_type=\"widget\" data-widget_type=\"spacer.default\">\n\t\t\t\t<div class=\"elementor-widget-container\">\n\t\t\t\t\t\t\t<div class=\"elementor-spacer\">\n\t\t\t<div class=\"elementor-spacer-inner\"><\/div>\n\t\t<\/div>\n\t\t\t\t\t\t<\/div>\n\t\t\t\t<\/div>\n\t\t\t\t\t<\/div>\n\t\t<\/div>\n\t\t\t\t\t<\/div>\n\t\t<\/section>\n\t\t\t\t<section class=\"elementor-section elementor-top-section elementor-element elementor-element-0f2eccd elementor-section-height-min-height elementor-section-items-bottom elementor-section-content-bottom elementor-section-boxed elementor-section-height-default\" data-id=\"0f2eccd\" data-element_type=\"section\">\n\t\t\t\t\t\t<div class=\"elementor-container elementor-column-gap-no\">\n\t\t\t\t\t<div class=\"elementor-column elementor-col-50 elementor-top-column elementor-element elementor-element-8fe1243\" data-id=\"8fe1243\" data-element_type=\"column\" data-settings=\"{&quot;background_background&quot;:&quot;classic&quot;}\">\n\t\t\t<div class=\"elementor-widget-wrap elementor-element-populated\">\n\t\t\t\t\t\t<div class=\"elementor-element elementor-element-820b920 elementor-invisible elementor-widget elementor-widget-heading\" data-id=\"820b920\" data-element_type=\"widget\" data-settings=\"{&quot;_animation&quot;:&quot;fadeInUp&quot;,&quot;_animation_tablet&quot;:&quot;none&quot;,&quot;_animation_mobile&quot;:&quot;none&quot;}\" data-widget_type=\"heading.default\">\n\t\t\t\t<div class=\"elementor-widget-container\">\n\t\t\t\t\t<h6 class=\"elementor-heading-title elementor-size-default\">Arbeiten Sie mit den Besten zusammen!<\/h6>\t\t\t\t<\/div>\n\t\t\t\t<\/div>\n\t\t\t\t\t<\/div>\n\t\t<\/div>\n\t\t\t\t<div class=\"elementor-column elementor-col-50 elementor-top-column elementor-element elementor-element-edd2e7e elementor-hidden-phone\" data-id=\"edd2e7e\" data-element_type=\"column\">\n\t\t\t<div class=\"elementor-widget-wrap\">\n\t\t\t\t\t\t\t<\/div>\n\t\t<\/div>\n\t\t\t\t\t<\/div>\n\t\t<\/section>\n\t\t\t\t<section class=\"elementor-section elementor-top-section elementor-element elementor-element-35d2e5d elementor-section-boxed elementor-section-height-default elementor-section-height-default\" data-id=\"35d2e5d\" data-element_type=\"section\">\n\t\t\t\t\t\t<div class=\"elementor-container elementor-column-gap-no\">\n\t\t\t\t\t<div class=\"elementor-column elementor-col-100 elementor-top-column elementor-element elementor-element-ebfa344\" data-id=\"ebfa344\" data-element_type=\"column\">\n\t\t\t<div class=\"elementor-widget-wrap elementor-element-populated\">\n\t\t\t\t\t\t<div class=\"elementor-element elementor-element-20ed43b elementor-invisible elementor-widget elementor-widget-text-editor\" data-id=\"20ed43b\" data-element_type=\"widget\" data-settings=\"{&quot;_animation&quot;:&quot;fadeIn&quot;,&quot;_animation_delay&quot;:200}\" data-widget_type=\"text-editor.default\">\n\t\t\t\t<div class=\"elementor-widget-container\">\n\t\t\t\t\t\t\t\t\t<p>Wir suchen Kandidaten f\u00fcr die Position eines internationalen Fahrers C+E f\u00fcr Routen nach Deutschland, Belgien, in die Niederlande, nach Frankreich und \u00d6sterreich.<\/p><p><strong>Wir erwarten von den Bewerbern:<\/strong><\/p><ul><li>einen F\u00fchrerschein der Klasse C+E,<\/li><li>eine g\u00fcltige Fahrerkarte,<\/li><li>Keine Erfahrung erforderlich \u2013 wir bieten Schulungen und Unterst\u00fctzung durch erfahrene Fahrer.<\/li><\/ul><p><strong>Aufgabenbereich:<\/strong><\/p><ul><li>Bef\u00f6rderung auf internationalen Strecken zwischen Polen und Deutschland, den Niederlanden, Belgien, Frankreich und \u00d6sterreich<\/li><li>alleine arbeiten<\/li><li>die Ihnen anvertrauten Ausr\u00fcstungs- und Transportdokumente sorgf\u00e4ltig zu behandeln.<\/li><\/ul><p><strong>Als Gegenleistung f\u00fcr Ihr Engagement bieten wir Ihnen:<\/strong><\/p><ul><li>ein Arbeitsvertrag,<\/li><li>w\u00f6chentliche Fahrten oder ein 3\/1-System,<\/li><li>Fahren moderner Silofahrzeuge<\/li><li>attraktive Verg\u00fctung.<\/li><\/ul><p>Sind Sie interessiert?<br \/>Wenn ja, senden Sie bitte Ihre Bewerbung an rekrutacja@wizet.pl oder reichen Sie Ihre Bewerbung \u00fcber das untenstehende Formular ein.<\/p>\t\t\t\t\t\t\t\t<\/div>\n\t\t\t\t<\/div>\n\t\t\t\t\t<\/div>\n\t\t<\/div>\n\t\t\t\t\t<\/div>\n\t\t<\/section>\n\t\t\t\t<section class=\"elementor-section elementor-top-section elementor-element elementor-element-8ea53d6 elementor-section-boxed elementor-section-height-default elementor-section-height-default\" data-id=\"8ea53d6\" data-element_type=\"section\">\n\t\t\t\t\t\t<div class=\"elementor-container elementor-column-gap-no\">\n\t\t\t\t\t<div class=\"elementor-column elementor-col-100 elementor-top-column elementor-element elementor-element-19ef699\" data-id=\"19ef699\" data-element_type=\"column\">\n\t\t\t<div class=\"elementor-widget-wrap elementor-element-populated\">\n\t\t\t\t\t\t<div class=\"elementor-element elementor-element-7458108 elementor-invisible elementor-widget elementor-widget-icon-box\" data-id=\"7458108\" data-element_type=\"widget\" data-settings=\"{&quot;_animation&quot;:&quot;fadeIn&quot;,&quot;_animation_delay&quot;:300}\" data-widget_type=\"icon-box.default\">\n\t\t\t\t<div class=\"elementor-widget-container\">\n\t\t\t\t\t\t\t<div class=\"elementor-icon-box-wrapper\">\n\n\t\t\t\n\t\t\t\t\t\t<div class=\"elementor-icon-box-content\">\n\n\t\t\t\t\t\t\t\t\t<span class=\"elementor-icon-box-title\">\n\t\t\t\t\t\t<a href=\"tel:7153875006%20\" >\n\t\t\t\t\t\t\tSend your resume by email or via the form\t\t\t\t\t\t<\/a>\n\t\t\t\t\t<\/span>\n\t\t\t\t\n\t\t\t\t\t\t\t\t\t<p class=\"elementor-icon-box-description\">\n\t\t\t\t\t\tSenden Sie Ihren Lebenslauf an\nrekrutacja@wizet.pl oder f\u00fcllen Sie das untenstehende Formular aus!\n<br><br>\nBitte beachten Sie, dass wir nur ausgew\u00e4hlte Kandidaten kontaktieren werden.\n<br><br>Bewerbungen werden nur f\u00fcr die Zwecke des laufenden Einstellungsprozesses bearbeitet.\n<br><br>\nBitte f\u00fcgen Sie die folgende Klausel hinzu:\nIch stimme der Verarbeitung meiner personenbezogenen Daten zum Zwecke des Einstellungsverfahrens zu (gem\u00e4\u00df dem Gesetz zum Schutz personenbezogener Daten vom 29. August 1997; konsolidierter Text: Gesetzblatt von 2016, Punkt 922).\t\t\t\t\t<\/p>\n\t\t\t\t\n\t\t\t<\/div>\n\t\t\t\n\t\t<\/div>\n\t\t\t\t\t\t<\/div>\n\t\t\t\t<\/div>\n\t\t\t\t<div class=\"elementor-element elementor-element-0f33fec elementor-mobile-align-left elementor-align-left elementor-tablet-align-left elementor-invisible elementor-widget elementor-widget-button\" data-id=\"0f33fec\" data-element_type=\"widget\" data-settings=\"{&quot;_animation&quot;:&quot;fadeIn&quot;,&quot;_animation_delay&quot;:400}\" data-widget_type=\"button.default\">\n\t\t\t\t<div class=\"elementor-widget-container\">\n\t\t\t\t\t\t\t\t\t<div class=\"elementor-button-wrapper\">\n\t\t\t\t\t<a class=\"elementor-button elementor-button-link elementor-size-sm\" href=\"mailto:rekrutacja@wizet.pl\">\n\t\t\t\t\t\t<span class=\"elementor-button-content-wrapper\">\n\t\t\t\t\t\t<span class=\"elementor-button-icon\">\n\t\t\t\t<i aria-hidden=\"true\" class=\"vamtamtheme- vamtam-theme-arrow-left\"><\/i>\t\t\t<\/span>\n\t\t\t\t\t\t\t\t\t<span class=\"elementor-button-text\">Send your resume by email<\/span>\n\t\t\t\t\t<\/span>\n\t\t\t\t\t<\/a>\n\t\t\t\t<\/div>\n\t\t\t\t\t\t\t\t<\/div>\n\t\t\t\t<\/div>\n\t\t\t\t\t<\/div>\n\t\t<\/div>\n\t\t\t\t\t<\/div>\n\t\t<\/section>\n\t\t\t\t<section class=\"elementor-section elementor-top-section elementor-element elementor-element-11a8e2a0 elementor-section-boxed elementor-section-height-default elementor-section-height-default\" data-id=\"11a8e2a0\" data-element_type=\"section\">\n\t\t\t\t\t\t<div class=\"elementor-container elementor-column-gap-no\">\n\t\t\t\t\t<div class=\"elementor-column elementor-col-100 elementor-top-column elementor-element elementor-element-7f38dc8c\" data-id=\"7f38dc8c\" data-element_type=\"column\">\n\t\t\t<div class=\"elementor-widget-wrap elementor-element-populated\">\n\t\t\t\t\t\t<div class=\"elementor-element elementor-element-7367d2ad elementor-align-start elementor-icon-list--layout-traditional elementor-list-item-link-full_width elementor-invisible elementor-widget elementor-widget-icon-list\" data-id=\"7367d2ad\" data-element_type=\"widget\" data-settings=\"{&quot;_animation&quot;:&quot;fadeInUp&quot;,&quot;_animation_tablet&quot;:&quot;none&quot;,&quot;_animation_mobile&quot;:&quot;none&quot;,&quot;_animation_delay&quot;:200}\" data-widget_type=\"icon-list.default\">\n\t\t\t\t<div class=\"elementor-widget-container\">\n\t\t\t\t\t\t\t<ul class=\"elementor-icon-list-items\">\n\t\t\t\t\t\t\t<li class=\"elementor-icon-list-item\">\n\t\t\t\t\t\t\t\t\t\t\t<span class=\"elementor-icon-list-icon\">\n\t\t\t\t\t\t\t<svg xmlns=\"http:\/\/www.w3.org\/2000\/svg\" width=\"14\" height=\"14\" viewBox=\"0 0 14 14\" fill=\"none\"><path fill-rule=\"evenodd\" clip-rule=\"evenodd\" d=\"M5.4151 0H13.9811L14 8.55555L8.5283 14V5.48239L0 5.46341L5.4151 0Z\" fill=\"#FF0009\"><\/path><\/svg>\t\t\t\t\t\t<\/span>\n\t\t\t\t\t\t\t\t\t\t<span class=\"elementor-icon-list-text\">WIZET Transport<\/span>\n\t\t\t\t\t\t\t\t\t<\/li>\n\t\t\t\t\t\t<\/ul>\n\t\t\t\t\t\t<\/div>\n\t\t\t\t<\/div>\n\t\t\t\t<div class=\"elementor-element elementor-element-3063d9f elementor-widget__width-inherit elementor-invisible elementor-widget elementor-widget-heading\" data-id=\"3063d9f\" data-element_type=\"widget\" data-settings=\"{&quot;_animation&quot;:&quot;fadeIn&quot;,&quot;_animation_tablet&quot;:&quot;none&quot;,&quot;_animation_mobile&quot;:&quot;none&quot;}\" data-widget_type=\"heading.default\">\n\t\t\t\t<div class=\"elementor-widget-container\">\n\t\t\t\t\t<h2 class=\"elementor-heading-title elementor-size-default\">Bewerben Sie sich f\u00fcr die Stelle<\/h2>\t\t\t\t<\/div>\n\t\t\t\t<\/div>\n\t\t\t\t\t<\/div>\n\t\t<\/div>\n\t\t\t\t\t<\/div>\n\t\t<\/section>\n\t\t<div class=\"elementor-element elementor-element-411d6b4 e-flex e-con-boxed e-con e-parent\" data-id=\"411d6b4\" data-element_type=\"container\">\n\t\t\t\t\t<div class=\"e-con-inner\">\n\t\t\t\t<div class=\"elementor-element elementor-element-63dffee elementor-widget elementor-widget-wpforms\" data-id=\"63dffee\" data-element_type=\"widget\" data-widget_type=\"wpforms.default\">\n\t\t\t\t<div class=\"elementor-widget-container\">\n\t\t\t\t\t<div class=\"wpforms-container wpforms-render-modern\" id=\"wpforms-989482\"><form id=\"wpforms-form-989482\" class=\"wpforms-validate wpforms-form wpforms-ajax-form\" data-formid=\"989482\" method=\"post\" enctype=\"multipart\/form-data\" action=\"\/de\/wp-json\/wp\/v2\/pages\/989390?wpforms_form_id=989482\" data-token=\"df3f7f61e245d4e6209d3ee445eaf091\" data-token-time=\"1778851393\"><noscript class=\"wpforms-error-noscript\">Bitte aktiviere JavaScript in deinem Browser, um dieses Formular fertigzustellen.<\/noscript><div id=\"wpforms-error-noscript\" style=\"display: none;\">Bitte aktiviere JavaScript in deinem Browser, um dieses Formular fertigzustellen.<\/div><div class=\"wpforms-field-container\"><div id=\"wpforms-989482-field_1-container\" class=\"wpforms-field wpforms-field-name\" data-field-id=\"1\"><label class=\"wpforms-field-label\" for=\"wpforms-989482-field_1\">Vor- und Nachname <span class=\"wpforms-required-label\" aria-hidden=\"true\">*<\/span><\/label><input type=\"text\" id=\"wpforms-989482-field_1\" class=\"wpforms-field-medium wpforms-field-required\" name=\"wpforms[fields][1]\" aria-errormessage=\"wpforms-989482-field_1-error\" required><\/div>\t\t<div id=\"wpforms-989482-field_7-container\"\n\t\t\tclass=\"wpforms-field wpforms-field-text\"\n\t\t\tdata-field-type=\"text\"\n\t\t\tdata-field-id=\"7\"\n\t\t\t>\n\t\t\t<label class=\"wpforms-field-label\" for=\"wpforms-989482-field_7\" >Informationen Vor- Erforderliche<\/label>\n\t\t\t<input type=\"text\" id=\"wpforms-989482-field_7\" class=\"wpforms-field-medium\" name=\"wpforms[fields][7]\" >\n\t\t<\/div>\n\t\t<div id=\"wpforms-989482-field_6-container\" class=\"wpforms-field wpforms-field-name\" data-field-id=\"6\"><label class=\"wpforms-field-label\" for=\"wpforms-989482-field_6\">Telefonnummer <span class=\"wpforms-required-label\" aria-hidden=\"true\">*<\/span><\/label><input type=\"text\" id=\"wpforms-989482-field_6\" class=\"wpforms-field-medium wpforms-field-required\" name=\"wpforms[fields][6]\" aria-errormessage=\"wpforms-989482-field_6-error\" required><\/div><div id=\"wpforms-989482-field_2-container\" class=\"wpforms-field wpforms-field-email\" data-field-id=\"2\"><label class=\"wpforms-field-label\" for=\"wpforms-989482-field_2\">E-Mail-Adresse <span class=\"wpforms-required-label\" aria-hidden=\"true\">*<\/span><\/label><input type=\"email\" id=\"wpforms-989482-field_2\" class=\"wpforms-field-medium wpforms-field-required\" name=\"wpforms[fields][2]\" spellcheck=\"false\" aria-errormessage=\"wpforms-989482-field_2-error\" required><\/div><div id=\"wpforms-989482-field_5-container\" class=\"wpforms-field wpforms-field-file-upload\" data-field-id=\"5\"><label class=\"wpforms-field-label\" for=\"wpforms-989482-field_5\">Lebenslauf als PDF-Datei <span class=\"wpforms-required-label\" aria-hidden=\"true\">*<\/span><\/label><div\n\t\tclass=\"wpforms-uploader wpforms-field-required\"\n\t\tdata-field-id=\"5\"\n\t\tdata-form-id=\"989482\"\n\t\tdata-input-name=\"wpforms_989482_5\"\n\t\tdata-extensions=\"pdf\"\n\t\tdata-max-size=\"5242880\"\n\t\tdata-max-file-number=\"1\"\n\t\tdata-post-max-size=\"134217728\"\n\t\tdata-max-parallel-uploads=\"4\"\n\t\tdata-parallel-uploads=\"true\"\n\t\tdata-file-chunk-size=\"2097152\">\n\t<div class=\"dz-message\">\n\t\t<svg  viewBox=\"0 0 640 640\" focusable=\"false\" data-icon=\"inbox\" width=\"50px\" height=\"50px\" fill=\"currentColor\" aria-hidden=\"true\">\n\t\t\t<path d=\"M352 173.3L352 384C352 401.7 337.7 416 320 416C302.3 416 288 401.7 288 384L288 173.3L246.6 214.7C234.1 227.2 213.8 227.2 201.3 214.7C188.8 202.2 188.8 181.9 201.3 169.4L297.3 73.4C309.8 60.9 330.1 60.9 342.6 73.4L438.6 169.4C451.1 181.9 451.1 202.2 438.6 214.7C426.1 227.2 405.8 227.2 393.3 214.7L352 173.3zM320 464C364.2 464 400 428.2 400 384L480 384C515.3 384 544 412.7 544 448L544 480C544 515.3 515.3 544 480 544L160 544C124.7 544 96 515.3 96 480L96 448C96 412.7 124.7 384 160 384L240 384C240 428.2 275.8 464 320 464zM464 488C477.3 488 488 477.3 488 464C488 450.7 477.3 440 464 440C450.7 440 440 450.7 440 464C440 477.3 450.7 488 464 488z\"\/>\n\t\t<\/svg>\n\n\t\t<span class=\"modern-title\">\n\t\t\t\t\t\t\tDrag &amp; Drop Files, \t\t\t\t<span>Choose Files to Upload<\/span>\n\t\t\t\t\t<\/span>\n\n\t\t\t<\/div>\n<\/div>\n\n<input\n\t\ttype=\"text\"\n\t\tautocomplete=\"off\"\n\t\treadonly\n\t\tclass=\"dropzone-input\"\n\t\tstyle=\"position:absolute!important;clip:rect(0,0,0,0)!important;height:1px!important;width:1px!important;border:0!important;overflow:hidden!important;padding:0!important;margin:0!important;\"\n\t\tid=\"wpforms-989482-field_5\"\n\t\tname=\"wpforms_989482_5\" required\t\tvalue=\"\">\n<\/div><div id=\"wpforms-989482-field_3-container\" class=\"wpforms-field wpforms-field-textarea\" data-field-id=\"3\"><label class=\"wpforms-field-label\" for=\"wpforms-989482-field_3\">Zus\u00e4tzliche Informationen<\/label><textarea id=\"wpforms-989482-field_3\" class=\"wpforms-field-medium\" name=\"wpforms[fields][3]\" aria-errormessage=\"wpforms-989482-field_3-error\" ><\/textarea><\/div><div id=\"wpforms-989482-field_4-container\" class=\"wpforms-field wpforms-field-checkbox\" data-field-id=\"4\"><fieldset><legend class=\"wpforms-field-label\">Erforderliche Zustimmungen <span class=\"wpforms-required-label\" aria-hidden=\"true\">*<\/span><\/legend><ul id=\"wpforms-989482-field_4\" class=\"wpforms-field-required\"><li class=\"choice-1 depth-1\"><input type=\"checkbox\" id=\"wpforms-989482-field_4_1\" name=\"wpforms[fields][4][]\" value=\"Ich habe die Allgemeinen Gesch\u00e4ftsbedingungen und die &lt;a target=&quot;_blank&quot; href=&quot;https:\/\/wizet.pl\/de\/datenschutzerklarung\/&quot;&gt;Datenschutzerkl\u00e4rung&lt;\/a&gt; gelesen und akzeptiere sie.\" aria-errormessage=\"wpforms-989482-field_4_1-error\" aria-describedby=\"wpforms-989482-field_4-description\" required ><label class=\"wpforms-field-label-inline\" for=\"wpforms-989482-field_4_1\">Ich habe die Allgemeinen Gesch\u00e4ftsbedingungen und die <a target=\"_blank\" href=\"https:\/\/wizet.pl\/de\/datenschutzerklarung\/\">Datenschutzerkl\u00e4rung<\/a> gelesen und akzeptiere sie.<\/label><\/li><\/ul><div id=\"wpforms-989482-field_4-description\" class=\"wpforms-field-description\">Der Verwalter der personenbezogenen Daten ist WIZET TRANSPORT Sp. z o.o. mit Sitz in 99-100 \u0141\u0119czyca, ul. Lotnicza 21A, NIP: 7751349215, REGON: 610021694, KRS: 0000326487.<\/div><\/fieldset><\/div><script>\n\t\t\t\t( function() {\n\t\t\t\t\tconst style = document.createElement( 'style' );\n\t\t\t\t\tstyle.appendChild( document.createTextNode( '#wpforms-989482-field_7-container { position: absolute !important; overflow: hidden !important; display: inline !important; height: 1px !important; width: 1px !important; z-index: -1000 !important; padding: 0 !important; } #wpforms-989482-field_7-container input { visibility: hidden; } #wpforms-conversational-form-page #wpforms-989482-field_7-container label { counter-increment: none; }' ) );\n\t\t\t\t\tdocument.head.appendChild( style );\n\t\t\t\t\tdocument.currentScript?.remove();\n\t\t\t\t} )();\n\t\t\t<\/script><\/div><!-- .wpforms-field-container --><div class=\"wpforms-recaptcha-container wpforms-is-recaptcha wpforms-is-recaptcha-type-v2\" ><div class=\"g-recaptcha\" data-sitekey=\"6LcGqzMsAAAAABpuBhoz4Rhp9X30GKfnOckeft3O\"><\/div><input type=\"text\" name=\"g-recaptcha-hidden\" class=\"wpforms-recaptcha-hidden\" style=\"position:absolute!important;clip:rect(0,0,0,0)!important;height:1px!important;width:1px!important;border:0!important;overflow:hidden!important;padding:0!important;margin:0!important;\" data-rule-recaptcha=\"1\"><\/div><div class=\"wpforms-submit-container\" ><input type=\"hidden\" name=\"wpforms[id]\" value=\"989482\"><input type=\"hidden\" name=\"page_title\" value=\"\"><input type=\"hidden\" name=\"page_url\" value=\"https:\/\/wizet.pl\/de\/wp-json\/wp\/v2\/pages\/989390\"><input type=\"hidden\" name=\"url_referer\" value=\"\"><button type=\"submit\" name=\"wpforms[submit]\" id=\"wpforms-submit-989482\" class=\"wpforms-submit\" data-alt-text=\"Senden...\" data-submit-text=\"Senden\" aria-live=\"assertive\" value=\"wpforms-submit\">Senden<\/button><img decoding=\"async\" src=\"https:\/\/wizet.pl\/wp-content\/plugins\/wpforms\/assets\/images\/submit-spin.svg\" class=\"wpforms-submit-spinner\" style=\"display: none;\" width=\"26\" height=\"26\" alt=\"Wird geladen\" title=\"\"><\/div><\/form><\/div>  <!-- .wpforms-container -->\t\t\t\t<\/div>\n\t\t\t\t<\/div>\n\t\t\t\t\t<\/div>\n\t\t\t\t<\/div>\n\t\t\t\t<\/div>\n\t\t","protected":false},"excerpt":{"rendered":"<p>Arbeiten Sie mit den Besten zusammen! Wir suchen Kandidaten f\u00fcr die Position eines internationalen Fahrers C+E f\u00fcr Routen nach Deutschland, Belgien, in die Niederlande, nach Frankreich und \u00d6sterreich. Wir erwarten von den Bewerbern: einen F\u00fchrerschein der Klasse C+E, eine g\u00fcltige Fahrerkarte, Keine Erfahrung erforderlich \u2013 wir bieten Schulungen und Unterst\u00fctzung durch erfahrene Fahrer. Aufgabenbereich: Bef\u00f6rderung&#8230;<\/p>\n","protected":false},"author":1,"featured_media":0,"parent":989387,"menu_order":0,"comment_status":"closed","ping_status":"closed","template":"","meta":{"inline_featured_image":false,"footnotes":""},"class_list":["post-989390","page","type-page","status-publish","hentry"],"_links":{"self":[{"href":"https:\/\/wizet.pl\/de\/wp-json\/wp\/v2\/pages\/989390","targetHints":{"allow":["GET"]}}],"collection":[{"href":"https:\/\/wizet.pl\/de\/wp-json\/wp\/v2\/pages"}],"about":[{"href":"https:\/\/wizet.pl\/de\/wp-json\/wp\/v2\/types\/page"}],"author":[{"embeddable":true,"href":"https:\/\/wizet.pl\/de\/wp-json\/wp\/v2\/users\/1"}],"replies":[{"embeddable":true,"href":"https:\/\/wizet.pl\/de\/wp-json\/wp\/v2\/comments?post=989390"}],"version-history":[{"count":4,"href":"https:\/\/wizet.pl\/de\/wp-json\/wp\/v2\/pages\/989390\/revisions"}],"predecessor-version":[{"id":989528,"href":"https:\/\/wizet.pl\/de\/wp-json\/wp\/v2\/pages\/989390\/revisions\/989528"}],"up":[{"embeddable":true,"href":"https:\/\/wizet.pl\/de\/wp-json\/wp\/v2\/pages\/989387"}],"wp:attachment":[{"href":"https:\/\/wizet.pl\/de\/wp-json\/wp\/v2\/media?parent=989390"}],"curies":[{"name":"wp","href":"https:\/\/api.w.org\/{rel}","templated":true}]}}