{"id":989403,"date":"2021-09-03T14:30:16","date_gmt":"2021-09-03T12:30:16","guid":{"rendered":"https:\/\/wizet.pl\/privacy-policy\/"},"modified":"2026-01-27T21:10:31","modified_gmt":"2026-01-27T20:10:31","slug":"datenschutzerklarung","status":"publish","type":"page","link":"https:\/\/wizet.pl\/de\/datenschutzerklarung\/","title":{"rendered":"Datenschutzerkl\u00e4rung"},"content":{"rendered":"\t\t<div data-elementor-type=\"wp-page\" data-elementor-id=\"989403\" class=\"elementor elementor-989403 elementor-16389\" data-elementor-post-type=\"page\">\n\t\t\t\t\t\t<section class=\"elementor-section elementor-top-section elementor-element elementor-element-2fecd0d elementor-section-boxed elementor-section-height-default elementor-section-height-default\" data-id=\"2fecd0d\" data-element_type=\"section\">\n\t\t\t\t\t\t<div class=\"elementor-container elementor-column-gap-no\">\n\t\t\t\t\t<div class=\"elementor-column elementor-col-100 elementor-top-column elementor-element elementor-element-68b9acf\" data-id=\"68b9acf\" data-element_type=\"column\">\n\t\t\t<div class=\"elementor-widget-wrap elementor-element-populated\">\n\t\t\t\t\t\t<div class=\"elementor-element elementor-element-d96c633 elementor-widget elementor-widget-spacer\" data-id=\"d96c633\" data-element_type=\"widget\" data-widget_type=\"spacer.default\">\n\t\t\t\t<div class=\"elementor-widget-container\">\n\t\t\t\t\t\t\t<div class=\"elementor-spacer\">\n\t\t\t<div class=\"elementor-spacer-inner\"><\/div>\n\t\t<\/div>\n\t\t\t\t\t\t<\/div>\n\t\t\t\t<\/div>\n\t\t\t\t<div class=\"elementor-element elementor-element-a10fc05 elementor-widget elementor-widget-spacer\" data-id=\"a10fc05\" data-element_type=\"widget\" data-widget_type=\"spacer.default\">\n\t\t\t\t<div class=\"elementor-widget-container\">\n\t\t\t\t\t\t\t<div class=\"elementor-spacer\">\n\t\t\t<div class=\"elementor-spacer-inner\"><\/div>\n\t\t<\/div>\n\t\t\t\t\t\t<\/div>\n\t\t\t\t<\/div>\n\t\t\t\t\t<\/div>\n\t\t<\/div>\n\t\t\t\t\t<\/div>\n\t\t<\/section>\n\t\t\t\t<section class=\"elementor-section elementor-top-section elementor-element elementor-element-472114e5 elementor-section-boxed elementor-section-height-default elementor-section-height-default\" data-id=\"472114e5\" data-element_type=\"section\">\n\t\t\t\t\t\t<div class=\"elementor-container elementor-column-gap-no\">\n\t\t\t\t\t<div class=\"elementor-column elementor-col-100 elementor-top-column elementor-element elementor-element-2f88687b\" data-id=\"2f88687b\" data-element_type=\"column\">\n\t\t\t<div class=\"elementor-widget-wrap elementor-element-populated\">\n\t\t\t\t\t\t<div class=\"elementor-element elementor-element-19fb9ffd elementor-widget elementor-widget-text-editor\" data-id=\"19fb9ffd\" data-element_type=\"widget\" data-widget_type=\"text-editor.default\">\n\t\t\t\t<div class=\"elementor-widget-container\">\n\t\t\t\t\t\t\t\t\t<h2>1. Allgemeine Informationen<\/h2>\n<ol>\n    <li>Diese Richtlinie gilt f\u00fcr die Website unter der folgenden URL: <strong>wizet.pl<\/strong><\/li>\n    <li>Betreiber der Website und Verantwortlicher f\u00fcr die Datenverarbeitung ist: WIZET TRANSPORT Sp. z o.o., ul. Lotnicza 21A, 99-100 \u0141\u0119czyca, Polen, USt-IdNr.: 7751349215, REGON: 610021694, KRS: 0000326487<\/li>\n    <li>E-Mail-Kontaktadresse des Betreibers: wizet@wizet.pl<\/li>\n    <li>Der Betreiber ist der Verantwortliche f\u00fcr Ihre personenbezogenen Daten, die freiwillig auf der Website angegeben werden.<\/li>\n    <li>Die Website verwendet personenbezogene Daten f\u00fcr folgende Zwecke:\n        <ul>\n            <li>Pr\u00e4sentation von Angeboten oder Informationen<\/li>\n        <\/ul>\n    <\/li>\n    <li>Die Website sammelt Informationen \u00fcber Nutzer und deren Verhalten auf folgende Weise:\n        <ol>\n            <li>Durch freiwillig in Formulare eingegebene Daten, die anschlie\u00dfend in den Systemen des Betreibers gespeichert werden.<\/li>\n            <li>Durch das Speichern von Cookies auf den Endger\u00e4ten der Nutzer (sog. \u201eCookies\u201c).<\/li>\n        <\/ol>\n    <\/li>\n<\/ol>\n\n<h2>2. Ausgew\u00e4hlte Datenschutzmethoden des Betreibers<\/h2>\n<ol>\n    <li>Stellen, an denen personenbezogene Daten eingegeben werden, sowie Login-Seiten sind auf der \u00dcbertragungsebene gesch\u00fctzt (SSL-Zertifikat). Dadurch werden die auf der Website eingegebenen personenbezogenen Daten und Login-Daten auf dem Ger\u00e4t des Nutzers verschl\u00fcsselt und k\u00f6nnen nur auf dem Zielserver gelesen werden.<\/li>\n    <li>In der Datenbank gespeicherte personenbezogene Daten werden so verschl\u00fcsselt, dass nur der Betreiber, der \u00fcber den entsprechenden Schl\u00fcssel verf\u00fcgt, sie lesen kann. Dies gew\u00e4hrleistet Schutz bei unbefugtem Zugriff auf die Datenbank.<\/li>\n    <li>Der Betreiber \u00e4ndert regelm\u00e4\u00dfig seine administrativen Passw\u00f6rter.<\/li>\n    <li>Um das Risiko eines unbefugten Zugriffs zu minimieren, verwendet der Betreiber komplexe Passw\u00f6rter mit Gro\u00df- und Kleinbuchstaben, Zahlen und Sonderzeichen bei einer Mindestl\u00e4nge von 8 Zeichen.<\/li>\n    <li>Ein wichtiges Element des Datenschutzes ist die regelm\u00e4\u00dfige Aktualisierung aller vom Betreiber zur Verarbeitung personenbezogener Daten verwendeten Software, was insbesondere regelm\u00e4\u00dfige Updates von Programmkomponenten einschlie\u00dft.<\/li>\n    <li>Zum Schutz der Daten erstellt der Betreiber regelm\u00e4\u00dfig Sicherungskopien (Backups).<\/li>\n<\/ol>\n\n<h2>3. Hosting<\/h2>\n<ol>\n    <li>Die Website wird auf den Servern von ovh.pl gehostet (technisch gewartet).<\/li>\n    <li>Das Hosting-Unternehmen gew\u00e4hrleistet die technische Zuverl\u00e4ssigkeit durch das F\u00fchren von Protokollen auf Serverebene. Die Protokolle k\u00f6nnen Folgendes enthalten:\n        <ul>\n            <li>durch URL identifizierte Ressourcen (Adressen der angeforderten Ressourcen \u2013 Seiten, Dateien),<\/li>\n            <li>Zeitpunkt der Anfrage,<\/li>\n            <li>Zeitpunkt der Antwort,<\/li>\n            <li>Name der Client-Workstation \u2013 Identifizierung \u00fcber das HTTP-Protokoll,<\/li>\n            <li>Informationen \u00fcber Fehler, die w\u00e4hrend der HTTP-Transaktion aufgetreten sind,<\/li>\n            <li>URL der zuvor besuchten Seite (Referrer-Link), falls der Zugriff auf die Website \u00fcber einen Link erfolgte,<\/li>\n            <li>Informationen \u00fcber den Browser des Nutzers,<\/li>\n            <li>Informationen \u00fcber die IP-Adresse,<\/li>\n            <li>Diagnoseinformationen im Zusammenhang mit dem Prozess der Bestellung von Dienstleistungen \u00fcber Formulare auf der Website,<\/li>\n            <li>Informationen im Zusammenhang mit der Bearbeitung elektronischer Korrespondenz, die an den und vom Betreiber gesendet wird.<\/li>\n        <\/ul>\n    <\/li>\n<\/ol>\n\n<h2>4. Ihre Rechte und zus\u00e4tzliche Informationen zur Datennutzung<\/h2>\n<ol>\n    <li>In bestimmten Situationen hat der Verantwortliche das Recht, Ihre personenbezogenen Daten an andere Empf\u00e4nger zu \u00fcbermitteln, wenn dies zur Erf\u00fcllung eines mit Ihnen geschlossenen Vertrages oder zur Erf\u00fcllung rechtlicher Verpflichtungen des Verantwortlichen erforderlich ist. Dies gilt f\u00fcr folgende Kategorien von Empf\u00e4ngern:\n        <ul>\n            <li>autorisierte Mitarbeiter und Beauftragte, die die Daten zur Erreichung des Website-Zwecks verwenden,<\/li>\n            <li>Unternehmen, die Marketingdienstleistungen f\u00fcr den Verantwortlichen erbringen.<\/li>\n        <\/ul>\n    <\/li>\n    <li>Ihre personenbezogenen Daten werden vom Verantwortlichen nicht l\u00e4nger verarbeitet, als es f\u00fcr die Durchf\u00fchrung der damit verbundenen Aktivit\u00e4ten erforderlich ist, wie in separaten Vorschriften (z. B. Buchhaltungsvorschriften) festgelegt. Im Falle von Marketingdaten erfolgt die Verarbeitung f\u00fcr maximal 3 Jahre.<\/li>\n    <li>Sie haben das Recht, vom Verantwortlichen Folgendes zu verlangen:\n        <ul>\n            <li>Auskunft \u00fcber Ihre personenbezogenen Daten,<\/li>\n            <li>Berichtigung,<\/li>\n            <li>L\u00f6schung,<\/li>\n            <li>Einschr\u00e4nkung der Verarbeitung,<\/li>\n            <li>Daten\u00fcbertragbarkeit.<\/li>\n        <\/ul>\n    <\/li>\n    <li>Sie haben das Recht, der unter Punkt 3.3(c) genannten Verarbeitung zu widersprechen, wenn personenbezogene Daten zur Wahrung berechtigter Interessen des Verantwortlichen, einschlie\u00dflich Profiling, verarbeitet werden. Dieses Recht kann nicht ausge\u00fcbt werden, wenn zwingende schutzw\u00fcrdige Gr\u00fcnde f\u00fcr die Verarbeitung vorliegen, die Ihre Interessen, Rechte und Freiheiten \u00fcberwiegen, insbesondere zur Geltendmachung, Aus\u00fcbung oder Verteidigung von Rechtsanspr\u00fcchen.<\/li>\n    <li>Sie haben das Recht, eine Beschwerde beim Pr\u00e4sidenten des Amtes f\u00fcr den Schutz personenbezogener Daten (UODO), ul. Stawki 2, 00-193 Warschau, Polen, einzureichen.<\/li>\n    <li>Die Angabe personenbezogener Daten ist freiwillig, aber f\u00fcr den ordnungsgem\u00e4\u00dfen Betrieb der Website erforderlich.<\/li>\n    <li>Ihre Daten k\u00f6nnen automatisierten Entscheidungsfindungsprozessen, einschlie\u00dflich Profiling, unterliegen, um Dienstleistungen im Rahmen eines geschlossenen Vertrages zu erbringen und f\u00fcr Direktmarketingaktivit\u00e4ten des Verantwortlichen.<\/li>\n    <li>Personenbezogene Daten werden in Drittl\u00e4nder im Sinne der Datenschutzvorschriften \u00fcbermittelt. Das bedeutet, dass Daten au\u00dferhalb der Europ\u00e4ischen Union \u00fcbertragen werden.<\/li>\n<\/ol>\n\n<h2>5. Informationen in Formularen<\/h2>\n<ol>\n    <li>Die Website sammelt Informationen, die von Nutzern freiwillig angegeben werden, einschlie\u00dflich personenbezogener Daten, sofern diese bereitgestellt werden.<\/li>\n    <li>Die Website kann Informationen \u00fcber Verbindungsparameter (Zeitstempel, IP-Adresse) speichern.<\/li>\n    <li>In einigen F\u00e4llen kann die Website Informationen speichern, die die Verkn\u00fcpfung von Formulardaten mit der E-Mail-Adresse des Nutzers erleichtern, der das Formular ausf\u00fcllt. In diesen F\u00e4llen erscheint die E-Mail-Adresse des Nutzers in der URL der Seite, die das Formular enth\u00e4lt.<\/li>\n    <li>Die in Formularen angegebenen Daten werden f\u00fcr Zwecke verarbeitet, die sich aus der Funktion des jeweiligen Formulars ergeben, z. B. zur Bearbeitung einer Serviceanfrage, f\u00fcr gesch\u00e4ftliche Kontakte, zur Registrierung von Dienstleistungen usw. Der Kontext und die Beschreibung des Formulars weisen jeweils deutlich auf dessen Zweck hin.<\/li>\n<\/ol>\n\n<h2>6. Administrator-Protokolle<\/h2>\n<ol>\n    <li>Informationen \u00fcber das Nutzerverhalten auf der Website k\u00f6nnen protokolliert werden. Diese Daten werden f\u00fcr Zwecke der Website-Administration verwendet.<\/li>\n<\/ol>\n\n<h2>7. Wichtige Marketingtechniken<\/h2>\n<ol>\n    <li>Der Betreiber verwendet statistische Analysen des Website-Verkehrs \u00fcber Google Analytics (Google Inc., ans\u00e4ssig in den USA). Der Betreiber \u00fcbermittelt keine personenbezogenen Daten an den Dienstanbieter, sondern nur anonymisierte Informationen. Der Dienst basiert auf der Verwendung von Cookies, die auf dem Ger\u00e4t des Nutzers gespeichert werden. Nutzer k\u00f6nnen Informationen \u00fcber ihre vom Werbenetzwerk von Google gesammelten Pr\u00e4ferenzen \u00fcber das folgende Tool einsehen und bearbeiten: https:\/\/www.google.com\/ads\/preferences\/<\/li>\n<\/ol>\n\n<h2>8. Informationen zu Cookies<\/h2>\n<ol>\n    <li>Die Website verwendet Cookies.<\/li>\n    <li>Cookies sind IT-Daten, insbesondere Textdateien, die auf dem Endger\u00e4t des Nutzers gespeichert werden und f\u00fcr die Nutzung der Website bestimmt sind. Cookies enthalten in der Regel den Namen der Website, von der sie stammen, die Speicherdauer und eine eindeutige Nummer.<\/li>\n    <li>Die Entit\u00e4t, die Cookies auf dem Ger\u00e4t des Nutzers platziert und auf diese zugreift, ist der Website-Betreiber.<\/li>\n    <li>Cookies werden f\u00fcr folgende Zwecke verwendet:\n        <ol>\n            <li>Aufrechterhaltung der Nutzersitzung nach dem Einloggen, damit der Nutzer die Zugangsdaten nicht auf jeder Unterseite erneut eingeben muss;<\/li>\n            <li>Erreichung der im Abschnitt \u201eWichtige Marketingtechniken\u201c beschriebenen Ziele.<\/li>\n        <\/ol>\n    <\/li>\n    <li>Die Website verwendet zwei Haupttypen von Cookies: Session-Cookies und persistente Cookies. Session-Cookies sind tempor\u00e4re Dateien, die auf dem Ger\u00e4t des Nutzers bis zum Ausloggen, Verlassen der Website oder Schlie\u00dfen des Browsers gespeichert werden. Persistente Cookies werden f\u00fcr einen in den Cookie-Parametern festgelegten Zeitraum gespeichert oder bis sie vom Nutzer gel\u00f6scht werden.<\/li>\n    <li>Webbrowser lassen Cookies in der Regel standardm\u00e4\u00dfig zu. Nutzer k\u00f6nnen die Browsereinstellungen \u00e4ndern, Cookies l\u00f6schen oder Cookies automatisch blockieren. Detaillierte Informationen finden Sie in der Hilfe oder Dokumentation des Browsers.<\/li>\n    <li>Einschr\u00e4nkungen bei der Verwendung von Cookies k\u00f6nnen einige auf der Website verf\u00fcgbare Funktionen beeintr\u00e4chtigen.<\/li>\n    <li>Auf dem Ger\u00e4t des Nutzers platzierte Cookies k\u00f6nnen auch von Unternehmen verwendet werden, die mit dem Website-Betreiber zusammenarbeiten, insbesondere: Google (Google Inc., USA), Facebook (Facebook Inc., USA), Twitter (Twitter Inc., USA).<\/li>\n<\/ol>\n\n<h2>9. Verwaltung von Cookies \u2013 Wie man die Zustimmung gibt und widerruft<\/h2>\n<ol>\n    <li>Wenn der Nutzer keine Cookies erhalten m\u00f6chte, k\u00f6nnen die Browsereinstellungen ge\u00e4ndert werden. Das Deaktivieren von Cookies, die f\u00fcr Authentifizierung, Sicherheit und Nutzereinstellungen erforderlich sind, kann die Nutzung der Website erschweren oder im Extremfall verhindern.<\/li>\n    <li>Um die Cookie-Einstellungen zu verwalten, w\u00e4hlen Sie Ihren Browser aus der untenstehenden Liste aus und folgen Sie den Anweisungen:\n        <ul>\n            <li><a href=\"https:\/\/support.microsoft.com\/de-de\/help\/10607\/microsoft-edge-view-delete-browser-history\" target=\"_blank\" rel=\"noopener\">Edge<\/a><\/li>\n            <li><a href=\"https:\/\/support.microsoft.com\/de-de\/help\/278835\/how-to-delete-cookie-files-in-internet-explorer\" target=\"_blank\" rel=\"noopener\">Internet Explorer<\/a><\/li>\n            <li><a href=\"http:\/\/support.google.com\/chrome\/bin\/answer.py?answer=95647\" target=\"_blank\" rel=\"noopener\">Chrome<\/a><\/li>\n            <li><a href=\"http:\/\/support.apple.com\/kb\/PH5042\" target=\"_blank\" rel=\"noopener\">Safari<\/a><\/li>\n            <li><a href=\"http:\/\/support.mozilla.org\/de\/kb\/cookies-erlauben-und-ablehnen\" target=\"_blank\" rel=\"noopener\">Firefox<\/a><\/li>\n            <li><a href=\"http:\/\/help.opera.com\/Windows\/12.10\/de\/cookies.html\" target=\"_blank\" rel=\"noopener\">Opera<\/a><\/li>\n        <\/ul>\n        Mobile Ger\u00e4te:\n        <ul>\n            <li><a href=\"http:\/\/support.google.com\/chrome\/bin\/answer.py?answer=95647\" target=\"_blank\" rel=\"noopener\">Android<\/a><\/li>\n            <li><a href=\"http:\/\/support.apple.com\/kb\/HT1677\" target=\"_blank\" rel=\"noopener\">Safari (iOS)<\/a><\/li>\n            <li><a href=\"https:\/\/support.microsoft.com\/de-de\/help\/11696\/windows-phone-7-changing-privacy-and-other-browser-settings\" target=\"_blank\" rel=\"noopener\">Windows Phone<\/a><\/li>\n        <\/ul>\n    <\/li>\n<\/ol>\t\t\t\t\t\t\t\t<\/div>\n\t\t\t\t<\/div>\n\t\t\t\t\t<\/div>\n\t\t<\/div>\n\t\t\t\t\t<\/div>\n\t\t<\/section>\n\t\t\t\t<\/div>\n\t\t","protected":false},"excerpt":{"rendered":"<p>1. Allgemeine Informationen Diese Richtlinie gilt f\u00fcr die Website unter der folgenden URL: wizet.pl Betreiber der Website und Verantwortlicher f\u00fcr die Datenverarbeitung ist: WIZET TRANSPORT Sp. z o.o., ul. Lotnicza 21A, 99-100 \u0141\u0119czyca, Polen, USt-IdNr.: 7751349215, REGON: 610021694, KRS: 0000326487 E-Mail-Kontaktadresse des Betreibers: wizet@wizet.pl Der Betreiber ist der Verantwortliche f\u00fcr Ihre personenbezogenen Daten, die freiwillig&#8230;<\/p>\n","protected":false},"author":1,"featured_media":0,"parent":0,"menu_order":0,"comment_status":"closed","ping_status":"closed","template":"","meta":{"inline_featured_image":false,"footnotes":""},"class_list":["post-989403","page","type-page","status-publish","hentry"],"_links":{"self":[{"href":"https:\/\/wizet.pl\/de\/wp-json\/wp\/v2\/pages\/989403","targetHints":{"allow":["GET"]}}],"collection":[{"href":"https:\/\/wizet.pl\/de\/wp-json\/wp\/v2\/pages"}],"about":[{"href":"https:\/\/wizet.pl\/de\/wp-json\/wp\/v2\/types\/page"}],"author":[{"embeddable":true,"href":"https:\/\/wizet.pl\/de\/wp-json\/wp\/v2\/users\/1"}],"replies":[{"embeddable":true,"href":"https:\/\/wizet.pl\/de\/wp-json\/wp\/v2\/comments?post=989403"}],"version-history":[{"count":4,"href":"https:\/\/wizet.pl\/de\/wp-json\/wp\/v2\/pages\/989403\/revisions"}],"predecessor-version":[{"id":989532,"href":"https:\/\/wizet.pl\/de\/wp-json\/wp\/v2\/pages\/989403\/revisions\/989532"}],"wp:attachment":[{"href":"https:\/\/wizet.pl\/de\/wp-json\/wp\/v2\/media?parent=989403"}],"curies":[{"name":"wp","href":"https:\/\/api.w.org\/{rel}","templated":true}]}}