{"id":989121,"date":"2021-04-15T10:10:55","date_gmt":"2021-04-15T08:10:55","guid":{"rendered":"https:\/\/wizet.pl\/zapytanie-ofertowe\/"},"modified":"2026-01-20T22:55:32","modified_gmt":"2026-01-20T21:55:32","slug":"send-inquiry","status":"publish","type":"page","link":"https:\/\/wizet.pl\/en\/send-inquiry\/","title":{"rendered":"Send inquiry"},"content":{"rendered":"\t\t<div data-elementor-type=\"wp-page\" data-elementor-id=\"989121\" class=\"elementor elementor-989121 elementor-5842\" data-elementor-post-type=\"page\">\n\t\t\t\t\t\t<section class=\"elementor-section elementor-top-section elementor-element elementor-element-d022afd elementor-section-full_width elementor-section-height-default elementor-section-height-default\" data-id=\"d022afd\" data-element_type=\"section\">\n\t\t\t\t\t\t<div class=\"elementor-container elementor-column-gap-no\">\n\t\t\t\t\t<div class=\"elementor-column elementor-col-50 elementor-top-column elementor-element elementor-element-60fcbfa elementor-hidden-phone\" data-id=\"60fcbfa\" data-element_type=\"column\">\n\t\t\t<div class=\"elementor-widget-wrap\">\n\t\t\t\t\t\t\t<\/div>\n\t\t<\/div>\n\t\t\t\t<div class=\"elementor-column elementor-col-50 elementor-top-column elementor-element elementor-element-47d0c9e\" data-id=\"47d0c9e\" data-element_type=\"column\" data-settings=\"{&quot;background_background&quot;:&quot;classic&quot;}\">\n\t\t\t<div class=\"elementor-widget-wrap elementor-element-populated\">\n\t\t\t\t\t\t<div class=\"elementor-element elementor-element-c7d6d9c elementor-widget elementor-widget-spacer\" data-id=\"c7d6d9c\" data-element_type=\"widget\" data-widget_type=\"spacer.default\">\n\t\t\t\t<div class=\"elementor-widget-container\">\n\t\t\t\t\t\t\t<div class=\"elementor-spacer\">\n\t\t\t<div class=\"elementor-spacer-inner\"><\/div>\n\t\t<\/div>\n\t\t\t\t\t\t<\/div>\n\t\t\t\t<\/div>\n\t\t\t\t\t<\/div>\n\t\t<\/div>\n\t\t\t\t\t<\/div>\n\t\t<\/section>\n\t\t\t\t<section class=\"elementor-section elementor-top-section elementor-element elementor-element-b49b406 elementor-section-height-min-height elementor-section-items-bottom elementor-section-content-bottom elementor-section-boxed elementor-section-height-default\" data-id=\"b49b406\" data-element_type=\"section\">\n\t\t\t\t\t\t<div class=\"elementor-container elementor-column-gap-no\">\n\t\t\t\t\t<div class=\"elementor-column elementor-col-50 elementor-top-column elementor-element elementor-element-bbee8e9\" data-id=\"bbee8e9\" data-element_type=\"column\" data-settings=\"{&quot;background_background&quot;:&quot;classic&quot;}\">\n\t\t\t<div class=\"elementor-widget-wrap elementor-element-populated\">\n\t\t\t\t\t\t<div class=\"elementor-element elementor-element-bf172d6 elementor-invisible elementor-widget elementor-widget-heading\" data-id=\"bf172d6\" data-element_type=\"widget\" data-settings=\"{&quot;_animation&quot;:&quot;fadeInUp&quot;,&quot;_animation_tablet&quot;:&quot;none&quot;,&quot;_animation_mobile&quot;:&quot;none&quot;}\" data-widget_type=\"heading.default\">\n\t\t\t\t<div class=\"elementor-widget-container\">\n\t\t\t\t\t<h6 class=\"elementor-heading-title elementor-size-default\">WIZET Logistics<\/h6>\t\t\t\t<\/div>\n\t\t\t\t<\/div>\n\t\t\t\t\t<\/div>\n\t\t<\/div>\n\t\t\t\t<div class=\"elementor-column elementor-col-50 elementor-top-column elementor-element elementor-element-5efd819 elementor-hidden-phone\" data-id=\"5efd819\" data-element_type=\"column\">\n\t\t\t<div class=\"elementor-widget-wrap\">\n\t\t\t\t\t\t\t<\/div>\n\t\t<\/div>\n\t\t\t\t\t<\/div>\n\t\t<\/section>\n\t\t<div class=\"elementor-element elementor-element-c45b94b e-flex e-con-boxed e-con e-parent\" data-id=\"c45b94b\" data-element_type=\"container\">\n\t\t\t\t\t<div class=\"e-con-inner\">\n\t\t\t\t<div class=\"elementor-element elementor-element-fb4f2ed elementor-widget elementor-widget-wpforms\" data-id=\"fb4f2ed\" data-element_type=\"widget\" data-widget_type=\"wpforms.default\">\n\t\t\t\t<div class=\"elementor-widget-container\">\n\t\t\t\t\t<div class=\"wpforms-container wpforms-render-modern\" id=\"wpforms-989153\"><form id=\"wpforms-form-989153\" class=\"wpforms-validate wpforms-form wpforms-ajax-form\" data-formid=\"989153\" method=\"post\" enctype=\"multipart\/form-data\" action=\"\/en\/wp-json\/wp\/v2\/pages\/989121\" data-token=\"b029b0756610c5046419435a93e7d778\" data-token-time=\"1777458220\"><noscript class=\"wpforms-error-noscript\">Please enable JavaScript in your browser to complete this form.<\/noscript><div id=\"wpforms-error-noscript\" style=\"display: none;\">Please enable JavaScript in your browser to complete this form.<\/div><div class=\"wpforms-field-container\"><div id=\"wpforms-989153-field_9-container\" class=\"wpforms-field wpforms-field-html\" data-field-id=\"9\"><div id=\"wpforms-989153-field_9\" aria-errormessage=\"wpforms-989153-field_9-error\">Prosimy o wype\u0142nienie formularza zapytania ofertowego. Nasi handlowcy skontaktuj\u0105 si\u0119 z Pa\u0144stwem w ci\u0105gu 48h.<\/div><\/div><div id=\"wpforms-989153-field_1-container\" class=\"wpforms-field wpforms-field-name\" data-field-id=\"1\"><label class=\"wpforms-field-label\" for=\"wpforms-989153-field_1\">First and last name <span class=\"wpforms-required-label\" aria-hidden=\"true\">*<\/span><\/label><input type=\"text\" id=\"wpforms-989153-field_1\" class=\"wpforms-field-medium wpforms-field-required\" name=\"wpforms[fields][1]\" aria-errormessage=\"wpforms-989153-field_1-error\" required><\/div><div id=\"wpforms-989153-field_7-container\" class=\"wpforms-field wpforms-field-name\" data-field-id=\"7\"><label class=\"wpforms-field-label\" for=\"wpforms-989153-field_7\">Company name <span class=\"wpforms-required-label\" aria-hidden=\"true\">*<\/span><\/label><input type=\"text\" id=\"wpforms-989153-field_7\" class=\"wpforms-field-medium wpforms-field-required\" name=\"wpforms[fields][7]\" aria-errormessage=\"wpforms-989153-field_7-error\" required><\/div>\t\t<div id=\"wpforms-989153-field_4-container\"\n\t\t\tclass=\"wpforms-field wpforms-field-text\"\n\t\t\tdata-field-type=\"text\"\n\t\t\tdata-field-id=\"4\"\n\t\t\t>\n\t\t\t<label class=\"wpforms-field-label\" for=\"wpforms-989153-field_4\" >e-mail and What<\/label>\n\t\t\t<input type=\"text\" id=\"wpforms-989153-field_4\" class=\"wpforms-field-medium\" name=\"wpforms[fields][4]\" >\n\t\t<\/div>\n\t\t<div id=\"wpforms-989153-field_6-container\" class=\"wpforms-field wpforms-field-name\" data-field-id=\"6\"><label class=\"wpforms-field-label\" for=\"wpforms-989153-field_6\">Phone number <span class=\"wpforms-required-label\" aria-hidden=\"true\">*<\/span><\/label><input type=\"text\" id=\"wpforms-989153-field_6\" class=\"wpforms-field-medium wpforms-field-required\" name=\"wpforms[fields][6]\" aria-errormessage=\"wpforms-989153-field_6-error\" required><\/div><div id=\"wpforms-989153-field_2-container\" class=\"wpforms-field wpforms-field-email\" data-field-id=\"2\"><label class=\"wpforms-field-label\" for=\"wpforms-989153-field_2\">Adres e-mail <span class=\"wpforms-required-label\" aria-hidden=\"true\">*<\/span><\/label><input type=\"email\" id=\"wpforms-989153-field_2\" class=\"wpforms-field-medium wpforms-field-required\" name=\"wpforms[fields][2]\" spellcheck=\"false\" aria-errormessage=\"wpforms-989153-field_2-error\" required><\/div><div id=\"wpforms-989153-field_8-container\" class=\"wpforms-field wpforms-field-select wpforms-field-select-style-classic\" data-field-id=\"8\"><label class=\"wpforms-field-label\" for=\"wpforms-989153-field_8\">What type of service are you interested in? <span class=\"wpforms-required-label\" aria-hidden=\"true\">*<\/span><\/label><select id=\"wpforms-989153-field_8\" class=\"wpforms-field-medium wpforms-field-required\" name=\"wpforms[fields][8]\" required=\"required\"><option value=\"\" class=\"placeholder\" disabled  selected='selected'>--- Wska\u017c opcj\u0119 do wyboru ---<\/option><option value=\"International transport\"  class=\"choice-1 depth-1\"  >International transport<\/option><option value=\"Domestic transport\"  class=\"choice-2 depth-1\"  >Domestic transport<\/option><option value=\"Logistics\"  class=\"choice-3 depth-1\"  >Logistics<\/option><option value=\"Silo washing station\"  class=\"choice-4 depth-1\"  >Silo washing station<\/option><option value=\"Other\"  class=\"choice-5 depth-1\"  >Other<\/option><\/select><\/div><div id=\"wpforms-989153-field_3-container\" class=\"wpforms-field wpforms-field-textarea\" data-field-id=\"3\"><label class=\"wpforms-field-label\" for=\"wpforms-989153-field_3\">Additional information<\/label><textarea id=\"wpforms-989153-field_3\" class=\"wpforms-field-medium\" name=\"wpforms[fields][3]\" aria-errormessage=\"wpforms-989153-field_3-error\" ><\/textarea><\/div><div id=\"wpforms-989153-field_5-container\" class=\"wpforms-field wpforms-field-checkbox\" data-field-id=\"5\"><fieldset><legend class=\"wpforms-field-label\">Required consents <span class=\"wpforms-required-label\" aria-hidden=\"true\">*<\/span><\/legend><ul id=\"wpforms-989153-field_5\" class=\"wpforms-field-required\"><li class=\"choice-1 depth-1\"><input type=\"checkbox\" id=\"wpforms-989153-field_5_1\" name=\"wpforms[fields][5][]\" value=\"I have read and accept the terms and conditions and &lt;a target=&quot;_blank&quot; href=&quot;https:\/\/wizet.pl\/privacy-policy\/&quot;&gt;privacy policy&lt;\/a&gt;.\" aria-errormessage=\"wpforms-989153-field_5_1-error\" aria-describedby=\"wpforms-989153-field_5-description\" required ><label class=\"wpforms-field-label-inline\" for=\"wpforms-989153-field_5_1\">I have read and accept the terms and conditions and <a target=\"_blank\" href=\"https:\/\/wizet.pl\/privacy-policy\/\">privacy policy<\/a>.<\/label><\/li><\/ul><div id=\"wpforms-989153-field_5-description\" class=\"wpforms-field-description\">The administrator of personal data is WIZET TRANSPORT Sp. z o.o. with its registered office at 99-100 \u0141\u0119czyca, ul. Lotnicza 21A, NIP: 7751349215, REGON: 610021694, KRS: 0000326487.<\/div><\/fieldset><\/div><script>\n\t\t\t\t( function() {\n\t\t\t\t\tconst style = document.createElement( 'style' );\n\t\t\t\t\tstyle.appendChild( document.createTextNode( '#wpforms-989153-field_4-container { position: absolute !important; overflow: hidden !important; display: inline !important; height: 1px !important; width: 1px !important; z-index: -1000 !important; padding: 0 !important; } #wpforms-989153-field_4-container input { visibility: hidden; } #wpforms-conversational-form-page #wpforms-989153-field_4-container label { counter-increment: none; }' ) );\n\t\t\t\t\tdocument.head.appendChild( style );\n\t\t\t\t\tdocument.currentScript?.remove();\n\t\t\t\t} )();\n\t\t\t<\/script><\/div><!-- .wpforms-field-container --><div class=\"wpforms-recaptcha-container wpforms-is-recaptcha wpforms-is-recaptcha-type-v2\" ><div class=\"g-recaptcha\" data-sitekey=\"6LcGqzMsAAAAABpuBhoz4Rhp9X30GKfnOckeft3O\"><\/div><input type=\"text\" name=\"g-recaptcha-hidden\" class=\"wpforms-recaptcha-hidden\" style=\"position:absolute!important;clip:rect(0,0,0,0)!important;height:1px!important;width:1px!important;border:0!important;overflow:hidden!important;padding:0!important;margin:0!important;\" data-rule-recaptcha=\"1\"><\/div><div class=\"wpforms-submit-container\" ><input type=\"hidden\" name=\"wpforms[id]\" value=\"989153\"><input type=\"hidden\" name=\"page_title\" value=\"\"><input type=\"hidden\" name=\"page_url\" value=\"https:\/\/wizet.pl\/en\/wp-json\/wp\/v2\/pages\/989121\"><input type=\"hidden\" name=\"url_referer\" value=\"\"><button type=\"submit\" name=\"wpforms[submit]\" id=\"wpforms-submit-989153\" class=\"wpforms-submit\" data-alt-text=\"Sending...\" data-submit-text=\"Send\" aria-live=\"assertive\" value=\"wpforms-submit\">Send<\/button><img decoding=\"async\" src=\"https:\/\/wizet.pl\/wp-content\/plugins\/wpforms\/assets\/images\/submit-spin.svg\" class=\"wpforms-submit-spinner\" style=\"display: none;\" width=\"26\" height=\"26\" alt=\"Loading\" title=\"\"><\/div><\/form><\/div>  <!-- .wpforms-container -->\t\t\t\t<\/div>\n\t\t\t\t<\/div>\n\t\t\t\t\t<\/div>\n\t\t\t\t<\/div>\n\t\t\t\t<\/div>\n\t\t","protected":false},"excerpt":{"rendered":"<p>WIZET Logistics Please enable JavaScript in your browser to complete this form.Please enable JavaScript in your browser to complete this form.Prosimy o wype\u0142nienie formularza zapytania ofertowego. Nasi handlowcy skontaktuj\u0105 si\u0119 z Pa\u0144stwem w ci\u0105gu 48h.First and last name *Company name *Phone number *Adres e-mail *What type of service are you interested in? *&#8212; Wska\u017c opcj\u0119&#8230;<\/p>\n","protected":false},"author":1,"featured_media":0,"parent":0,"menu_order":0,"comment_status":"closed","ping_status":"closed","template":"","meta":{"inline_featured_image":false,"footnotes":""},"class_list":["post-989121","page","type-page","status-publish","hentry"],"_links":{"self":[{"href":"https:\/\/wizet.pl\/en\/wp-json\/wp\/v2\/pages\/989121","targetHints":{"allow":["GET"]}}],"collection":[{"href":"https:\/\/wizet.pl\/en\/wp-json\/wp\/v2\/pages"}],"about":[{"href":"https:\/\/wizet.pl\/en\/wp-json\/wp\/v2\/types\/page"}],"author":[{"embeddable":true,"href":"https:\/\/wizet.pl\/en\/wp-json\/wp\/v2\/users\/1"}],"replies":[{"embeddable":true,"href":"https:\/\/wizet.pl\/en\/wp-json\/wp\/v2\/comments?post=989121"}],"version-history":[{"count":5,"href":"https:\/\/wizet.pl\/en\/wp-json\/wp\/v2\/pages\/989121\/revisions"}],"predecessor-version":[{"id":989287,"href":"https:\/\/wizet.pl\/en\/wp-json\/wp\/v2\/pages\/989121\/revisions\/989287"}],"wp:attachment":[{"href":"https:\/\/wizet.pl\/en\/wp-json\/wp\/v2\/media?parent=989121"}],"curies":[{"name":"wp","href":"https:\/\/api.w.org\/{rel}","templated":true}]}}